{"id":1218,"date":"2025-12-19T20:12:43","date_gmt":"2025-12-19T20:12:43","guid":{"rendered":"https:\/\/voltrixeng.com\/?page_id=1218"},"modified":"2026-04-24T20:05:11","modified_gmt":"2026-04-24T20:05:11","slug":"legal-terms","status":"publish","type":"page","link":"https:\/\/voltrixeng.com\/es\/legal-terms\/","title":{"rendered":"Aviso Legal"},"content":{"rendered":"<div data-elementor-type=\"wp-page\" data-elementor-id=\"1218\" class=\"elementor elementor-1218\" data-elementor-post-type=\"page\">\n\t\t\t\t<div class=\"elementor-element elementor-element-ae92430 e-flex e-con-boxed e-con e-parent\" data-id=\"ae92430\" data-element_type=\"container\" data-e-type=\"container\" data-settings=\"{&quot;background_background&quot;:&quot;classic&quot;}\">\n\t\t\t\t\t<div class=\"e-con-inner\">\n\t\t<div class=\"elementor-element elementor-element-0cf595d e-con-full e-flex e-con e-child\" data-id=\"0cf595d\" data-element_type=\"container\" data-e-type=\"container\" data-settings=\"{&quot;background_background&quot;:&quot;classic&quot;}\">\n\t\t<div class=\"elementor-element elementor-element-216e73b e-con-full e-flex e-con e-child\" data-id=\"216e73b\" data-element_type=\"container\" data-e-type=\"container\">\n\t\t\t\t<div class=\"elementor-element elementor-element-7c16b2a elementor-widget elementor-widget-heading\" data-id=\"7c16b2a\" data-element_type=\"widget\" data-e-type=\"widget\" data-widget_type=\"heading.default\">\n\t\t\t\t\t<h1 class=\"elementor-heading-title elementor-size-default\">Aviso Legal<\/h1>\t\t\t\t<\/div>\n\t\t\t\t<\/div>\n\t\t\t\t<\/div>\n\t\t\t\t\t<\/div>\n\t\t\t\t<\/div>\n\t\t<div class=\"elementor-element elementor-element-2adb3e5 e-flex e-con-boxed e-con e-parent\" data-id=\"2adb3e5\" data-element_type=\"container\" data-e-type=\"container\">\n\t\t\t\t\t<div class=\"e-con-inner\">\n\t\t\t\t<div class=\"elementor-element elementor-element-f0d7ed9 elementor-widget elementor-widget-text-editor\" data-id=\"f0d7ed9\" data-element_type=\"widget\" data-e-type=\"widget\" data-widget_type=\"text-editor.default\">\n\t\t\t\t\t\t\t\t\t<p data-path-to-node=\"1\" class=\"translation-block\">El acceso y uso de este sitio web se facilitan con sujeci\u00f3n a los siguientes <b>T\u00e9rminos y Condiciones.<\/b> Al continuar navegando y utilizando este sitio, usted reconoce y acepta \u00edntegramente estas condiciones. En Voltrix trabajamos con un firme compromiso con la precisi\u00f3n y la calidad, y esperamos el mismo nivel de integridad en el uso de nuestra plataforma digital.<\/p><h5 data-path-to-node=\"1\"><b data-path-to-node=\"3\" data-index-in-node=\"0\">1. Exclusi\u00f3n de responsabilidad<\/b><\/h5><p data-path-to-node=\"4\" class=\"translation-block\">Aunque Voltrix adopta medidas razonables para garantizar la exactitud y la integridad de la informaci\u00f3n relativa a nuestras soluciones de baja tensi\u00f3n e infraestructuras para centros de datos, no asumimos responsabilidad legal alguna por posibles inexactitudes o informaci\u00f3n incompleta.<\/p><ul><li data-path-to-node=\"4\" class=\"translation-block\"><b>Informaci\u00f3n t\u00e9cnica:<\/b> En relaci\u00f3n con documentos, estudios de sistema o especificaciones t\u00e9cnicas disponibles en este servidor, ni Voltrix ni sus empleados ofrecen garant\u00eda alguna, ya sea expresa o impl\u00edcita.<\/li><li data-path-to-node=\"4\" class=\"translation-block\"><b>Idoneidad para un fin concreto:<\/b> No asumimos responsabilidad legal sobre la utilidad de cualquier informaci\u00f3n, equipo, producto o proceso descrito en este sitio.<\/li><li data-path-to-node=\"4\" class=\"translation-block\"><b>Enlaces externos:<\/b> Voltrix no se responsabiliza del contenido de p\u00e1ginas externas enlazadas o referenciadas desde este sitio web.<\/li><\/ul><h5 style=\"text-align: left;\" data-path-to-node=\"4\"><b data-path-to-node=\"6\" data-index-in-node=\"0\">2. Derechos de autor y propiedad intelectual<\/b><\/h5><p data-path-to-node=\"7\" class=\"translation-block\">Salvo que se indique expresamente lo contrario, los derechos de autor y cualesquiera otros derechos de propiedad intelectual sobre todos los materiales de este sitio web, incluidos textos, gr\u00e1ficos y documentaci\u00f3n t\u00e9cnica, son propiedad exclusiva de Voltrix.<\/p><ul><li data-path-to-node=\"7\" class=\"translation-block\"><b>Uso personal:<\/b> El uso de documentos y gr\u00e1ficos relacionados de este sitio web queda limitado exclusivamente a fines informativos y\/o de uso personal.<\/li><li data-path-to-node=\"7\" class=\"translation-block\"><b>Modificaciones:<\/b> No est\u00e1 permitido modificar de ninguna forma los documentos o gr\u00e1ficos relacionados disponibles en este sitio, ni utilizar im\u00e1genes de manera independiente del texto que las acompa\u00f1a.<\/li><li data-path-to-node=\"7\" class=\"translation-block\"><b>Reproducci\u00f3n:<\/b> Ninguna parte de este sitio web podr\u00e1 ser reproducida, almacenada en otro sitio web o incorporada a ning\u00fan sistema electr\u00f3nico de recuperaci\u00f3n, ya sea p\u00fablico o privado, sin la autorizaci\u00f3n previa y por escrito de Voltrix.<\/li><li data-path-to-node=\"7\" class=\"translation-block\"><b>Logotipos e identidad corporativa:<\/b> No se autoriza el uso ni la reproducci\u00f3n del nombre comercial o de los logotipos de Voltrix sin autorizaci\u00f3n previa y por escrito.<\/li><\/ul><h5 style=\"text-align: left;\"><b data-path-to-node=\"9\" data-index-in-node=\"0\">3. Enlaces externos y conectividad<\/b><\/h5><p data-path-to-node=\"10\" class=\"translation-block\">La creaci\u00f3n de un hiperv\u00ednculo hacia el sitio web de Voltrix requiere autorizaci\u00f3n previa y por escrito. No asumimos responsabilidad alguna por el contenido de sitios web externos que enlacen a nuestra plataforma.<\/p><h5 style=\"text-align: left;\" data-path-to-node=\"10\"><b data-path-to-node=\"11\" data-index-in-node=\"0\">4. Titular del sitio web y administraci\u00f3n<\/b><\/h5><ul><li data-path-to-node=\"10\" class=\"translation-block\"><b>Titular \/ editor del sitio web:<\/b> Voltrix<\/li><li data-path-to-node=\"10\" class=\"translation-block\"><b>Direcci\u00f3n registrada:<\/b> Vesterbrogade 74, 1620 K\u00f8benhavn V, Dinamarca<\/li><li data-path-to-node=\"10\" class=\"translation-block\"><b>Correo electr\u00f3nico de contacto:<\/b> contact@voltrixeng.com<\/li><\/ul><p data-path-to-node=\"10\"><span data-path-to-node=\"14,3\">Voltrix se reserva todos los derechos que no est\u00e9n expresamente concedidos en este Aviso Legal.<\/span><\/p>\t\t\t\t\t\t\t\t<\/div>\n\t\t\t\t\t<\/div>\n\t\t\t\t<\/div>\n\t\t\t\t<\/div>","protected":false},"excerpt":{"rendered":"<p>Legal Terms Access to and use of this website are provided subject to the following Terms and Conditions. By proceeding further and utilizing this site, you acknowledge and accept these terms in full. Voltrix\u00a0operates with a strong focus on precision and quality, and we expect the same level of integrity in how our digital platform [&hellip;]<\/p>\n","protected":false},"author":2,"featured_media":0,"parent":0,"menu_order":0,"comment_status":"closed","ping_status":"closed","template":"elementor_header_footer","meta":{"footnotes":""},"class_list":["post-1218","page","type-page","status-publish","hentry"],"_links":{"self":[{"href":"https:\/\/voltrixeng.com\/es\/wp-json\/wp\/v2\/pages\/1218","targetHints":{"allow":["GET"]}}],"collection":[{"href":"https:\/\/voltrixeng.com\/es\/wp-json\/wp\/v2\/pages"}],"about":[{"href":"https:\/\/voltrixeng.com\/es\/wp-json\/wp\/v2\/types\/page"}],"author":[{"embeddable":true,"href":"https:\/\/voltrixeng.com\/es\/wp-json\/wp\/v2\/users\/2"}],"replies":[{"embeddable":true,"href":"https:\/\/voltrixeng.com\/es\/wp-json\/wp\/v2\/comments?post=1218"}],"version-history":[{"count":99,"href":"https:\/\/voltrixeng.com\/es\/wp-json\/wp\/v2\/pages\/1218\/revisions"}],"predecessor-version":[{"id":3306,"href":"https:\/\/voltrixeng.com\/es\/wp-json\/wp\/v2\/pages\/1218\/revisions\/3306"}],"wp:attachment":[{"href":"https:\/\/voltrixeng.com\/es\/wp-json\/wp\/v2\/media?parent=1218"}],"curies":[{"name":"wp","href":"https:\/\/api.w.org\/{rel}","templated":true}]}}