{"id":1253,"date":"2025-12-19T20:35:51","date_gmt":"2025-12-19T20:35:51","guid":{"rendered":"https:\/\/voltrixeng.com\/?page_id=1253"},"modified":"2026-04-20T18:07:10","modified_gmt":"2026-04-20T18:07:10","slug":"privacy-policy","status":"publish","type":"page","link":"https:\/\/voltrixeng.com\/es\/privacy-policy\/","title":{"rendered":"Pol\u00edtica de Privacidad"},"content":{"rendered":"<div data-elementor-type=\"wp-page\" data-elementor-id=\"1253\" class=\"elementor elementor-1253\" data-elementor-post-type=\"page\">\n\t\t\t\t<div class=\"elementor-element elementor-element-5e1e742 e-flex e-con-boxed e-con e-parent\" data-id=\"5e1e742\" data-element_type=\"container\" data-e-type=\"container\" data-settings=\"{&quot;background_background&quot;:&quot;classic&quot;}\">\n\t\t\t\t\t<div class=\"e-con-inner\">\n\t\t<div class=\"elementor-element elementor-element-b38e8e6 e-con-full e-flex e-con e-child\" data-id=\"b38e8e6\" data-element_type=\"container\" data-e-type=\"container\">\n\t\t<div class=\"elementor-element elementor-element-53f8da7 e-con-full e-flex e-con e-child\" data-id=\"53f8da7\" data-element_type=\"container\" data-e-type=\"container\">\n\t\t\t\t<div class=\"elementor-element elementor-element-9876eaf elementor-widget elementor-widget-heading\" data-id=\"9876eaf\" data-element_type=\"widget\" data-e-type=\"widget\" data-widget_type=\"heading.default\">\n\t\t\t\t\t<h1 class=\"elementor-heading-title elementor-size-default\">Pol\u00edtica de Privacidad<\/h1>\t\t\t\t<\/div>\n\t\t\t\t<\/div>\n\t\t\t\t<\/div>\n\t\t\t\t\t<\/div>\n\t\t\t\t<\/div>\n\t\t<div class=\"elementor-element elementor-element-2adb3e5 e-flex e-con-boxed e-con e-parent\" data-id=\"2adb3e5\" data-element_type=\"container\" data-e-type=\"container\">\n\t\t\t\t\t<div class=\"e-con-inner\">\n\t\t\t\t<div class=\"elementor-element elementor-element-f0d7ed9 elementor-widget elementor-widget-text-editor\" data-id=\"f0d7ed9\" data-element_type=\"widget\" data-e-type=\"widget\" data-widget_type=\"text-editor.default\">\n\t\t\t\t\t\t\t\t\t<p>\u00a0<\/p><p data-path-to-node=\"1\" class=\"translation-block\">En Voltrix, la protecci\u00f3n de su privacidad es un compromiso fundamental mientras prestamos soluciones de baja tensi\u00f3n para entornos de misi\u00f3n cr\u00edtica. Esta pol\u00edtica explica c\u00f3mo tratamos su informaci\u00f3n de acuerdo con nuestros valores de integridad y transparencia.<\/p><h4 data-path-to-node=\"1\">\u00a0<\/h4><h4 style=\"text-align: left;\" data-path-to-node=\"1\"><b data-path-to-node=\"3\" data-index-in-node=\"0\">Recogida y uso de datos personales<\/b><\/h4><p data-path-to-node=\"1\" class=\"translation-block\">Puede navegar por el sitio web de Voltrix para conocer nuestras soluciones de Grey Space y White Space sin necesidad de facilitar datos personales. \u00danicamente almacenamos datos de acceso an\u00f3nimos con el fin de analizar y mejorar nuestra presencia digital.<\/p><p data-path-to-node=\"1\" class=\"translation-block\">Los datos personales solo se recopilan si usted los facilita voluntariamente, por ejemplo, al enviar una consulta a trav\u00e9s de nuestro formulario de contacto para solicitar evaluaciones t\u00e9cnicas in situ o planificaci\u00f3n de proyectos.<\/p><h4 data-path-to-node=\"1\">\u00a0<\/h4><h4 style=\"text-align: left;\" data-path-to-node=\"1\"><strong>Tratamiento de datos e integridad<\/strong><\/h4><p data-path-to-node=\"1\" class=\"translation-block\">De acuerdo con nuestro compromiso con la conducta \u00e9tica, sus datos personales no se ceder\u00e1n a terceros. Voltrix act\u00faa como \u00fanico punto de responsabilidad, garantizando que su informaci\u00f3n se trate con el mismo rigor y precisi\u00f3n que aplicamos en nuestras instalaciones el\u00e9ctricas.<\/p><h4 data-path-to-node=\"1\">\u00a0<\/h4><h4 data-path-to-node=\"1\"><b data-path-to-node=\"8\" data-index-in-node=\"0\">Sus derechos sobre su informaci\u00f3n<\/b><\/h4><p data-path-to-node=\"1\" class=\"translation-block\">Usted tiene derecho a recibir, de forma gratuita, informaci\u00f3n sobre los datos personales registrados que le conciernan. Asimismo, tiene derecho a solicitar la rectificaci\u00f3n, limitaci\u00f3n o revocaci\u00f3n de las autorizaciones otorgadas en cualquier momento.\nPara cualquier consulta relacionada con sus datos, puede ponerse en contacto con:<\/p><ul><li data-path-to-node=\"1\"><span data-path-to-node=\"10,0,0\"><b data-path-to-node=\"10,0,0\" data-index-in-node=\"0\">Voltrix<\/b> Vesterbrogade 74, 1620 K\u00f8benhavn V, Dinamarca<\/span><\/li><li data-path-to-node=\"1\" class=\"translation-block\"><b>Correo electr\u00f3nico:<\/b> contact@voltrixeng.com<\/li><\/ul><h4 data-path-to-node=\"1\">\u00a0<\/h4><h4 style=\"text-align: left;\" data-path-to-node=\"1\"><b data-path-to-node=\"11\" data-index-in-node=\"0\">Uso y funcionalidad de las cookies<\/b><\/h4><p data-path-to-node=\"1\" class=\"translation-block\">Con el fin de mejorar la funcionalidad de nuestro sitio web y habilitar determinadas prestaciones t\u00e9cnicas, utilizamos cookies. Se trata de peque\u00f1os archivos de texto que se almacenan en su dispositivo y que nos ayudan a comprender el comportamiento de navegaci\u00f3n para adaptar mejor nuestros servicios a sus intereses.<\/p><ul><li data-path-to-node=\"1\" class=\"translation-block\"><b>Cookies de sesi\u00f3n:<\/b> se eliminan autom\u00e1ticamente al finalizar la sesi\u00f3n de navegaci\u00f3n.<\/li><li data-path-to-node=\"1\" class=\"translation-block\"><b>Cookies permanentes:<\/b> permanecen en su dispositivo para reconocerle en futuras visitas y evitar que tenga que volver a introducir determinados datos en nuestros formularios de contacto.<\/li><li data-path-to-node=\"1\" class=\"translation-block\"><b>Est\u00e1ndares de terceros:<\/b> nuestras organizaciones colaboradoras tienen estrictamente prohibido modificar o utilizar datos personales obtenidos a trav\u00e9s de cookies de nuestro sitio web.<\/li><\/ul><h4 data-path-to-node=\"1\">\u00a0<\/h4><h4 style=\"text-align: left;\" data-path-to-node=\"1\"><b data-path-to-node=\"14\" data-index-in-node=\"0\">Tecnolog\u00edas de marketing y navegaci\u00f3n<\/b><\/h4><p data-path-to-node=\"1\" class=\"translation-block\">Voltrix utiliza tecnolog\u00edas de Google Inc. para registrar comportamientos de navegaci\u00f3n an\u00f3nimos con fines de marketing. Esta informaci\u00f3n nos ayuda a optimizar la presentaci\u00f3n de nuestras soluciones de distribuci\u00f3n el\u00e9ctrica de alto rendimiento.\nEstos datos se recopilan de forma an\u00f3nima y no pueden utilizarse para identificar personalmente a un usuario concreto.<\/p><h4 data-path-to-node=\"1\">\u00a0<\/h4><h4 style=\"text-align: left;\" data-path-to-node=\"1\"><b data-path-to-node=\"16\" data-index-in-node=\"0\">An\u00e1lisis y optimizaci\u00f3n del sitio web<\/b><\/h4><p data-path-to-node=\"1\"><span data-path-to-node=\"17,1\">Con el objetivo de ofrecer una experiencia adaptada y optimizar nuestro sitio web para el sector de la infraestructura digital, utilizamos Google Tag Manager.<\/span><span data-path-to-node=\"17,3\">.<\/span><\/p><ul><li data-path-to-node=\"1\" class=\"translation-block\"><b>Seudonimizaci\u00f3n:<\/b> los datos se utilizan para crear perfiles de uso mediante seud\u00f3nimos.<\/li><li data-path-to-node=\"1\" class=\"translation-block\"><b>Anonimizaci\u00f3n de IP:<\/b> las direcciones IP se anonimizar\u00e1n inmediatamente despu\u00e9s de su uso, evitando la creaci\u00f3n de perfiles de uso identificables.<\/li><\/ul><h4 data-path-to-node=\"1\">\u00a0<\/h4><h4 data-path-to-node=\"1\"><b data-path-to-node=\"19\" data-index-in-node=\"0\">Google Analytics<\/b><\/h4><p data-path-to-node=\"1\"><span data-path-to-node=\"20,1\">Este sitio web utiliza Google Analytics para analizar c\u00f3mo interact\u00faan los visitantes con nuestro contenido relacionado con infraestructuras de centros de datos.<\/span>.<\/p><ul><li data-path-to-node=\"1\" class=\"translation-block\"><b>Almacenamiento de datos:<\/b> la informaci\u00f3n de uso (incluida su direcci\u00f3n IP) se transmite a los servidores de Google.<\/li><li data-path-to-node=\"1\" class=\"translation-block\"><b>Informes:<\/b> estos datos nos ayudan a elaborar informes sobre el tr\u00e1fico del sitio y a mejorar nuestros servicios y soporte t\u00e9cnico.<\/li><li data-path-to-node=\"1\" class=\"translation-block\"><b>Opci\u00f3n de exclusi\u00f3n (opt-out):<\/b> puede impedir la instalaci\u00f3n de cookies mediante la configuraci\u00f3n de su navegador o instalando el complemento de inhabilitaci\u00f3n de Google Analytics (disponible en el enlace correspondiente).<\/li><\/ul><div>\u00a0<\/div>\t\t\t\t\t\t\t\t<\/div>\n\t\t\t\t<div class=\"elementor-element elementor-element-e7e0957 elementor-widget elementor-widget-button\" data-id=\"e7e0957\" data-element_type=\"widget\" data-e-type=\"widget\" data-widget_type=\"button.default\">\n\t\t\t\t\t\t\t\t\t\t<a class=\"elementor-button elementor-button-link elementor-size-sm\" href=\"\/es\/contact-us\/\">\n\t\t\t\t\t\t<span class=\"elementor-button-content-wrapper\">\n\t\t\t\t\t\t<span class=\"elementor-button-icon\">\n\t\t\t\t<i aria-hidden=\"true\" class=\"rtmicon rtmicon-arrow-up-right\"><\/i>\t\t\t<\/span>\n\t\t\t\t\t\t\t\t\t<span class=\"elementor-button-text\">Contactar<\/span>\n\t\t\t\t\t<\/span>\n\t\t\t\t\t<\/a>\n\t\t\t\t\t\t\t\t<\/div>\n\t\t\t\t\t<\/div>\n\t\t\t\t<\/div>\n\t\t\t\t<\/div>","protected":false},"excerpt":{"rendered":"<p>Privacy Policy \u00a0 At Voltrix, protecting your privacy is a fundamental commitment as we provide low voltage solutions for mission-critical environments. This policy details how we process your information in accordance with our values of integrity and transparency. \u00a0 Collection and Use of Personal Data You may explore the Voltrix website to learn about our [&hellip;]<\/p>\n","protected":false},"author":2,"featured_media":0,"parent":0,"menu_order":0,"comment_status":"closed","ping_status":"closed","template":"elementor_header_footer","meta":{"footnotes":""},"class_list":["post-1253","page","type-page","status-publish","hentry"],"_links":{"self":[{"href":"https:\/\/voltrixeng.com\/es\/wp-json\/wp\/v2\/pages\/1253","targetHints":{"allow":["GET"]}}],"collection":[{"href":"https:\/\/voltrixeng.com\/es\/wp-json\/wp\/v2\/pages"}],"about":[{"href":"https:\/\/voltrixeng.com\/es\/wp-json\/wp\/v2\/types\/page"}],"author":[{"embeddable":true,"href":"https:\/\/voltrixeng.com\/es\/wp-json\/wp\/v2\/users\/2"}],"replies":[{"embeddable":true,"href":"https:\/\/voltrixeng.com\/es\/wp-json\/wp\/v2\/comments?post=1253"}],"version-history":[{"count":102,"href":"https:\/\/voltrixeng.com\/es\/wp-json\/wp\/v2\/pages\/1253\/revisions"}],"predecessor-version":[{"id":3278,"href":"https:\/\/voltrixeng.com\/es\/wp-json\/wp\/v2\/pages\/1253\/revisions\/3278"}],"wp:attachment":[{"href":"https:\/\/voltrixeng.com\/es\/wp-json\/wp\/v2\/media?parent=1253"}],"curies":[{"name":"wp","href":"https:\/\/api.w.org\/{rel}","templated":true}]}}