{"id":2018,"date":"2025-12-23T17:21:22","date_gmt":"2025-12-23T17:21:22","guid":{"rendered":"https:\/\/voltrixeng.com\/?page_id=2018"},"modified":"2025-12-24T19:19:04","modified_gmt":"2025-12-24T19:19:04","slug":"code-of-conduct","status":"publish","type":"page","link":"https:\/\/voltrixeng.com\/es\/code-of-conduct\/","title":{"rendered":"C\u00f3digo de Conducta"},"content":{"rendered":"<div data-elementor-type=\"wp-page\" data-elementor-id=\"2018\" class=\"elementor elementor-2018\" data-elementor-post-type=\"page\">\n\t\t\t\t<div class=\"elementor-element elementor-element-5e1e742 e-flex e-con-boxed e-con e-parent\" data-id=\"5e1e742\" data-element_type=\"container\" data-e-type=\"container\" data-settings=\"{&quot;background_background&quot;:&quot;classic&quot;}\">\n\t\t\t\t\t<div class=\"e-con-inner\">\n\t\t<div class=\"elementor-element elementor-element-b38e8e6 e-con-full e-flex e-con e-child\" data-id=\"b38e8e6\" data-element_type=\"container\" data-e-type=\"container\">\n\t\t<div class=\"elementor-element elementor-element-53f8da7 e-con-full e-flex e-con e-child\" data-id=\"53f8da7\" data-element_type=\"container\" data-e-type=\"container\">\n\t\t\t\t<div class=\"elementor-element elementor-element-9876eaf elementor-widget elementor-widget-heading\" data-id=\"9876eaf\" data-element_type=\"widget\" data-e-type=\"widget\" data-widget_type=\"heading.default\">\n\t\t\t\t\t<h1 class=\"elementor-heading-title elementor-size-default\">C\u00f3digo de Conducta<\/h1>\t\t\t\t<\/div>\n\t\t\t\t<\/div>\n\t\t\t\t<\/div>\n\t\t\t\t\t<\/div>\n\t\t\t\t<\/div>\n\t\t<div class=\"elementor-element elementor-element-2adb3e5 e-flex e-con-boxed e-con e-parent\" data-id=\"2adb3e5\" data-element_type=\"container\" data-e-type=\"container\">\n\t\t\t\t\t<div class=\"e-con-inner\">\n\t\t\t\t<div class=\"elementor-element elementor-element-f0d7ed9 elementor-widget elementor-widget-text-editor\" data-id=\"f0d7ed9\" data-element_type=\"widget\" data-e-type=\"widget\" data-widget_type=\"text-editor.default\">\n\t\t\t\t\t\t\t\t\t<br \/>\n<p data-start=\"111\" data-end=\"285\">El <b>C\u00f3digo de Conducta Empresarial<\/b> establece las principales responsabilidades y obligaciones que deben cumplir los empleados de Voltrix, as\u00ed como los est\u00e1ndares m\u00ednimos exigibles a todos nosotros.<\/p>\n<br \/>\n<h4 data-start=\"287\" data-end=\"314\"><strong>Propiedad intelectual<\/strong><\/h4>\n<p data-start=\"315\" data-end=\"538\">Los empleados deben adoptar medidas razonables para proteger los derechos de propiedad intelectual de Voltrix y respetar igualmente los derechos de terceros. Toda propiedad intelectual desarrollada en el transcurso de la actividad empresarial pertenecer\u00e1 a Voltrix.<\/p>\n<br \/>\n<h4 data-start=\"540\" data-end=\"557\"><strong>Competencia<\/strong><\/h4>\n<p data-start=\"558\" data-end=\"770\">La normativa en materia de competencia proh\u00edbe los acuerdos o entendimientos con competidores relativos a la participaci\u00f3n en procesos de licitaci\u00f3n, precios de oferta u otra informaci\u00f3n comercialmente sensible, cuando ello pueda falsear o restringir la competencia.<\/p>\n<br \/>\n<h4 data-start=\"772\" data-end=\"799\"><strong>Conflictos de inter\u00e9s<\/strong><\/h4>\n<p data-start=\"800\" data-end=\"989\">Cada empleado debe asegurarse de que sus intereses personales no entren en conflicto con los intereses de la empresa. En caso de que se produzca una situaci\u00f3n de este tipo, deber\u00e1 informar de inmediato a su responsable directo.<\/p>\n<br \/>\n<h4 style=\"text-align: left;\" data-start=\"991\" data-end=\"1024\"><strong>Fraude, soborno y corrupci\u00f3n<\/strong><\/h4>\n<p data-start=\"1025\" data-end=\"1408\">Est\u00e1 prohibido ofrecer o aceptar sobornos, as\u00ed como realizar pagos il\u00edcitos de cualquier tipo. El soborno y la corrupci\u00f3n son ilegales en todos los territorios en los que operamos. Voltrix mantiene un firme compromiso con la prevenci\u00f3n del fraude. El C\u00f3digo de Conducta Empresarial de Voltrix establece las principales responsabilidades y obligaciones que deben cumplir sus empleados, as\u00ed como los est\u00e1ndares m\u00ednimos exigibles a todos.<\/p>\n<br \/>\n<h4 data-start=\"1410\" data-end=\"1441\"><strong>Regalos y pagos indebidos<\/strong><\/h4>\n<p data-start=\"1442\" data-end=\"1676\">La pol\u00edtica de Voltrix establece que nunca trataremos de ejercer ni exponernos a influencias indebidas mediante la entrega o recepci\u00f3n de regalos, incentivos u otros beneficios improcedentes, con independencia de las pr\u00e1cticas locales existentes en las \u00e1reas en las que operamos.<\/p>\n<br \/>\n<h4 style=\"text-align: left;\" data-start=\"1678\" data-end=\"1722\"><strong>Contabilidad rigurosa y prevenci\u00f3n del blanqueo de capitales<\/strong><\/h4>\n<p data-start=\"1723\" data-end=\"1919\">Es esencial que no exista ninguna tergiversaci\u00f3n intencionada o negligente de los registros o cuentas relacionados con las actividades empresariales de Voltrix, ni tampoco omisiones en el registro de gastos o ingresos.<\/p>\n<br \/>\n<h4 data-start=\"1921\" data-end=\"1951\" class=\"translation-block\"><strong>Informaci\u00f3n confidencial<\/strong><\/h4>\n<p data-start=\"1952\" data-end=\"2093\">Los empleados no est\u00e1n autorizados a revelar informaci\u00f3n confidencial a ninguna persona, incluido otro empleado, salvo que exista autorizaci\u00f3n previa para ello.<\/p>\n<br \/>\n<h4 style=\"text-align: left;\" data-start=\"2095\" data-end=\"2129\"><strong>Tecnolog\u00edas de la informaci\u00f3n de Voltrix<\/strong><\/h4>\n<p data-start=\"2130\" data-end=\"2237\">Todos los empleados tienen la obligaci\u00f3n de utilizar los recursos inform\u00e1ticos de Voltrix de forma responsable y adecuada, de conformidad con las pol\u00edticas internas de TI.<\/p>\n<br \/>\n<h4 data-start=\"2239\" data-end=\"2260\"><strong>Protecci\u00f3n de datos<\/strong><\/h4>\n<p data-start=\"2261\" data-end=\"2473\">Tenemos una importante responsabilidad frente a nuestros empleados y frente a los terceros con los que trabajamos: garantizar la seguridad, protecci\u00f3n y respeto de la informaci\u00f3n que conservamos sobre ellos, y asegurar que, en todo momento, se gestione y almacene de forma responsable.<\/p>\t\t\t\t\t\t\t\t<\/div>\n\t\t\t\t\t<\/div>\n\t\t\t\t<\/div>\n\t\t\t\t<\/div>","protected":false},"excerpt":{"rendered":"<p>Code of Conduct The Code of Business Conduct sets out the key responsibilities and obligations with which employees of Voltrix should comply and the minimum standards expected from us all. Intellectual Property Employees must take reasonable steps to protect the intellectual property rights of Voltrix and to respect such rights of others. Intellectual property developed [&hellip;]<\/p>\n","protected":false},"author":2,"featured_media":0,"parent":0,"menu_order":0,"comment_status":"closed","ping_status":"closed","template":"elementor_header_footer","meta":{"footnotes":""},"class_list":["post-2018","page","type-page","status-publish","hentry"],"_links":{"self":[{"href":"https:\/\/voltrixeng.com\/es\/wp-json\/wp\/v2\/pages\/2018","targetHints":{"allow":["GET"]}}],"collection":[{"href":"https:\/\/voltrixeng.com\/es\/wp-json\/wp\/v2\/pages"}],"about":[{"href":"https:\/\/voltrixeng.com\/es\/wp-json\/wp\/v2\/types\/page"}],"author":[{"embeddable":true,"href":"https:\/\/voltrixeng.com\/es\/wp-json\/wp\/v2\/users\/2"}],"replies":[{"embeddable":true,"href":"https:\/\/voltrixeng.com\/es\/wp-json\/wp\/v2\/comments?post=2018"}],"version-history":[{"count":52,"href":"https:\/\/voltrixeng.com\/es\/wp-json\/wp\/v2\/pages\/2018\/revisions"}],"predecessor-version":[{"id":2785,"href":"https:\/\/voltrixeng.com\/es\/wp-json\/wp\/v2\/pages\/2018\/revisions\/2785"}],"wp:attachment":[{"href":"https:\/\/voltrixeng.com\/es\/wp-json\/wp\/v2\/media?parent=2018"}],"curies":[{"name":"wp","href":"https:\/\/api.w.org\/{rel}","templated":true}]}}